{"id":1013,"date":"2025-06-27T12:35:01","date_gmt":"2025-06-27T12:35:01","guid":{"rendered":"https:\/\/www.bfmedificatoria.com\/?page_id=1013"},"modified":"2025-06-27T12:37:11","modified_gmt":"2025-06-27T12:37:11","slug":"cookie-policy","status":"publish","type":"page","link":"https:\/\/www.bfmedificatoria.com\/en\/cookie-policy\/","title":{"rendered":"Cookie Policy"},"content":{"rendered":"<h2>\u00bfQU\u00c9 ES UNA COOKIE?<\/h2>\n<p>Este sitio web utiliza cookies y\/o tecnolog\u00edas similares que almacenan y recuperan informaci\u00f3n cuando navegas. En general, estas tecnolog\u00edas pueden servir para finalidades muy diversas, como, por ejemplo, reconocerte como usuario, obtener informaci\u00f3n sobre tus h\u00e1bitos de navegaci\u00f3n o personalizas la forma en la que se muestra el contenido. Los usos concretos que hacemos de estas tecnolog\u00edas se describen a continuaci\u00f3n. <\/p>\n<h2>\u00bfQUI\u00c9N UTILIZA LA INFORMACI\u00d3N DE LAS COOKIES?<\/h2>\n<p>Nombre de la empresa: BFM AEDIFICATORIA, S.L.<br \/>\nB98079510<br \/>\nCalle: SORNI, 7 &#8211; PTA 2<br \/>\nC\u00f3digo Postal: 46004<br \/>\nLocalidad: VALENCIA<br \/>\nProvincia: VALENCIA<\/p>\n<h2>\u00bfQU\u00c9 TIPOS DE COOKIES EXISTEN?<\/h2>\n<p>Las Cookies pueden clasificarse, en virtud de sus caracter\u00edsticas propias, dentro de diversas categor\u00edas.<\/p>\n<h3>1. Seg\u00fan la entidad que la gestione:<\/h3>\n<p>    \u2022 Cookies propias: Son aquellas que se env\u00edan a tu ordenador y son gestionadas exclusivamente por nosotros para el mejor funcionamiento del Sitio Web.<br \/>\n    \u2022 Cookies de terceros: Son aquellas que se env\u00edan a tu ordenador y no son gestionadas por nosotros sino por una tercera entidad. <\/p>\n<h3>2. Seg\u00fan el plazo de tiempo que permanecen activadas: <\/h3>\n<p>    \u2022 Cookies de sesi\u00f3n: Este tipo de cookies recaban y almacenan datos \u00fanicamente mientras el Usuario accede al Sitio Web.<br \/>\n    \u2022 Cookies persistentes: Mediante este tipo de cookies los datos siguen almacenados y pueden ser accedidos y tratados durante el periodo definido por el responsable de la cookie, y puede ir de unos minutos a varios a\u00f1os.<\/p>\n<h3>3. Seg\u00fan la finalidad:<\/h3>\n<p>    \u2022 Cookies t\u00e9cnicas: Son aquellas que permiten al usuario la navegaci\u00f3n a trav\u00e9s del sitio web, plataforma o aplicaci\u00f3n y la utilizaci\u00f3n de las diferentes opciones o servicios que el mismo ofrece, como por ejemplo, controlar  el  tr\u00e1fico  y  la comunicaci\u00f3n   de   datos,   identificar   la   sesi\u00f3n,   acceder   a   partes   de   acceso restringido, recordar los elementos que integran un pedido,  realizar el proceso de compra  de  un  pedido,  realizar  la  solicitud  de  inscripci\u00f3n  o  participaci\u00f3n  en  un evento,   utilizar   elementos   de   seguridad   durante   la   navegaci\u00f3n,   almacenar contenidos para la difusi\u00f3n de videos o sonido o compartir contenidos a trav\u00e9s de redes sociales.<br \/>\n    \u2022 Cookies de personalizaci\u00f3n: Son aqu\u00e9llas que permiten al usuario accede al servicio con algunas caracter\u00edsticas de car\u00e1cter general predefinidas, como por ejemplo el idioma, la configuraci\u00f3n regional desde donde accede al servicio, etc.<br \/>\n    \u2022 Cookies de an\u00e1lisis: Son aqu\u00e9llas que permiten al responsable de las mismas, el seguimiento y an\u00e1lisis del comportamiento de los usuarios de los sitios web a los que est\u00e1n vinculadas.  La informaci\u00f3n recogida mediante este tipo de cookies se utiliza en la medici\u00f3n de la actividad de los sitios web, aplicaci\u00f3n o plataforma y para la elaboraci\u00f3n de perfiles de navegaci\u00f3n de los usuarios de dichos sitios, aplicaciones y plataformas, con el fin de introducir mejoras en funci\u00f3n del an\u00e1lisis de los datos de uso que hacen los usuarios del servicio.<br \/>\n    \u2022 Cookies publicitarias: Son aqu\u00e9llas que permiten la gesti\u00f3n, de la forma m\u00e1s eficaz posible, de los espacios publicitarios que, en su caso, se haya incluido en el sitio web, aplicaci\u00f3n o plataforma desde la que presta el servicio solicitado en base a los criterios como el contenido editado o la frecuencia en la que se muestran los anuncios.<br \/>\n    \u2022 Cookies de publicidad comportamental: Son aquellas que permiten la gesti\u00f3n, de la forma m\u00e1s eficaz posible, de los espacios publicitarios que, en su caso, el editor haya incluido en su p\u00e1gina web, aplicaci\u00f3n o plataforma desde la que presta el servicio solicitado. Estas cookies almacenan informaci\u00f3n del comportamiento de los usuarios obtenida a trav\u00e9s de la observaci\u00f3n continuada de sus h\u00e1bitos de navegaci\u00f3n, lo que permite desarrollar un perfil espec\u00edfico para mostrar publicidad en funci\u00f3n del mismo.<\/p>\n<h2>\u00bfQU\u00c9 TIPOS DE COOKIES UTILIZA ESTE SITIO WEB?<\/h2>\n<p>A continuaci\u00f3n, se especifican las cookies en concreto empleadas en el presente Sitio Web:<\/p>\n\n\t<table>\n\t\t<thead>\n\t\t\t<tr>\n\t\t\t\t<th scope=\"col\">Nombre<\/th>\n\t\t\t\t<th scope=\"col\">Tipo (t\u00e9cnicas, personalizaci\u00f3n, an\u00e1lisis o publicitarias)<\/th>\n\t\t\t\t<th scope=\"col\">Duraci\u00f3n<\/th>\n\t\t\t\t<th scope=\"col\">Finalidad<\/th>\n\t\t\t\t<th scope=\"col\">Propias\/Terceros * Identificaci\u00f3n del tercero (link a la Pol\u00edtica de Cookies del tercero)<\/th>\n\t\t\t<\/tr>\n\t\t<\/thead>\n\t\t<tbody>\n\t\t\t\n\n\t<tr>\n\t\t<td data-label=\"Nombre\">_ga<\/td>\n\t\t<td data-label=\"Tipo\">an\u00e1lisis<\/td>\n\t\t<td data-label=\"Duraci\u00f3n\">2 a\u00f1os<\/td>\n\t\t<td data-label=\"Finalidad\">Permitir a los servicios distinguir a un visitante de otro<\/td>\n\t\t<td data-label=\"Propias\/Terceros\">Terceros<\/td>\n\t<\/tr>\n\t\n\n\t<tr>\n\t\t<td data-label=\"Nombre\">_ga_PCZ5P5N3MZ<\/td>\n\t\t<td data-label=\"Tipo\">an\u00e1lisis<\/td>\n\t\t<td data-label=\"Duraci\u00f3n\"><\/td>\n\t\t<td data-label=\"Finalidad\">Recopilaci\u00f3n de an\u00e1lisis de datos<\/td>\n\t\t<td data-label=\"Propias\/Terceros\">Terceros<\/td>\n\t<\/tr>\n\t\n\n\t<tr>\n\t\t<td data-label=\"Nombre\">_cf_bm<\/td>\n\t\t<td data-label=\"Tipo\">t\u00e9cnica<\/td>\n\t\t<td data-label=\"Duraci\u00f3n\">1h<\/td>\n\t\t<td data-label=\"Finalidad\">Esta cookie establecida por cloudflare, se utiliza para respaldar la gesti\u00f3n de bots<\/td>\n\t\t<td data-label=\"Propias\/Terceros\">Terceros<\/td>\n\t<\/tr>\n\t\n\n\t<tr>\n\t\t<td data-label=\"Nombre\">_cfuvid<\/td>\n\t\t<td data-label=\"Tipo\">personalizaci\u00f3n<\/td>\n\t\t<td data-label=\"Duraci\u00f3n\">sesi\u00f3n<\/td>\n\t\t<td data-label=\"Finalidad\">Calendy establece esta cookie para rastrear a los usuarios en diferentes sesiones para optimizar la experiencia del usuario manteniendo la coherencia de la sesi\u00f3n y brindando servicios personalizados.<\/td>\n\t\t<td data-label=\"Propias\/Terceros\">Terceros<\/td>\n\t<\/tr>\n\t\n\n\t<tr>\n\t\t<td data-label=\"Nombre\">wpEmojiSettingsSupports<\/td>\n\t\t<td data-label=\"Tipo\">t\u00e9cnica<\/td>\n\t\t<td data-label=\"Duraci\u00f3n\">sesi\u00f3n<\/td>\n\t\t<td data-label=\"Finalidad\">WordPress establece esta cookie cuando un usuario interact\u00faa con emojis en un sitio web. Ayuda a determinar si el navegador del usuario puede mostrarlos correctamente<\/td>\n\t\t<td data-label=\"Propias\/Terceros\">Propia<\/td>\n\t<\/tr>\n\t\n\n\t<tr>\n\t\t<td data-label=\"Nombre\">Cmplz_id<\/td>\n\t\t<td data-label=\"Tipo\">t\u00e9cnica<\/td>\n\t\t<td data-label=\"Duraci\u00f3n\">sesi\u00f3n<\/td>\n\t\t<td data-label=\"Finalidad\">Complianz establece esta cookie para almacenar las preferencias de consentimiento de cookies.<\/td>\n\t\t<td data-label=\"Propias\/Terceros\">Propia<\/td>\n\t<\/tr>\n\t\n\n\t\t<\/tbody>\n\t<\/table>\n\t\n<p>Esta tabla puede ser actualizada conforme a las cookies empleadas en cada momento. Te aconsejamos que consulte nuestra Pol\u00edtica de Cookies de forma regular. <\/p>\n<h2>\u00bfSE REALIZAN TRANFERENCIAS DE DATOS A TERCEROS PA\u00cdSES?<\/h2>\n<p>Puedes informarte de las transferencias a terceros pa\u00edses que, en su caso, realizan los terceros identificados en esta pol\u00edtica de cookies en sus correspondientes pol\u00edticas (Ver los enlaces facilitados en la tabla anterior, en el apartado de cookies de terceros).<\/p>\n<h2>\u00bfC\u00d3MO DESHABILITAR Y BLOQUEAR COOKIES? <\/h2>\n<p>Te informamos que, en cualquier caso, puedes deshabilitar o bloquear las cookies activando la configuraci\u00f3n de tu navegador, permiti\u00e9ndote rechazar la instalaci\u00f3n de todas o algunas de las cookies. En caso de no permitir la instalaci\u00f3n de cookies es posible que no puedas acceder a algunas de las funcionalidades del presente sitio web, y por tanto, tu experiencia como usuario en el sitio web resulte menos satisfactoria.<br \/>\nPuedes permitir, bloquear o eliminar las cookies instaladas en tu equipo mediante la configuraci\u00f3n de las opciones del navegador instalado en tu ordenador. Para m\u00e1s informaci\u00f3n sobre c\u00f3mo ajustar sus configuraciones de cookies en los siguientes navegadores, te remitimos al enlace pertinente:<br \/>\nInternet Explorer<br \/>\nhttps:\/\/support.microsoft.com\/es-es\/help\/17442\/windows-internet-explorer-delete-manage-cookies<br \/>\nFirefox<br \/>\nhttps:\/\/support.mozilla.org\/es\/kb\/habilitar-y-deshabilitar-cookies-sitios-web-rastrear-preferencias?redirectlocale=es&#038;redirectslug=habilitar-y-deshabilitar-cookies-que-los-sitios-we<br \/>\nChrome<br \/>\nhttp:\/\/support.google.com\/chrome\/bin\/answer.py?hl=en&#038;answer=9564<br \/>\nSafari<br \/>\nhttps:\/\/support.apple.com\/kb\/PH19214?viewlocale=es_ES&#038;locale=es_ES<br \/>\nOpera<br \/>\nhttp:\/\/help.opera.com\/Windows\/11.50\/es-ES\/cookies.html<\/p>\n<h2>\u00bfQU\u00c9 DERECHOS TIENES SOBRE LOS DATOS PERSONALES APORTADOS?<\/h2>\n<p>Como usuario, puedes ejercitar los siguientes derechos:<br \/>\n&#8211; Derecho de acceso: Tienes derecho a obtener por parte de la empresa confirmaci\u00f3n de si se est\u00e1n tratando o no tus datos personales que, y en su caso, qu\u00e9 datos trata.<\/p>\n<p>&#8211; Derecho de rectificaci\u00f3n: Tienes derecho a obtener por parte de la empresa, la rectificaci\u00f3n de los datos personales inexactos que te conciernen. En la solicitud de rectificaci\u00f3n deber\u00e1s indicar los datos que deseas que se modifiquen.<\/p>\n<p>&#8211; Derecho de oposici\u00f3n: Tienes derecho a oponerte en cualquier momento, por motivos relacionados con tu situaci\u00f3n particular, a que datos personales que te conciernan sean objeto de un tratamiento basado en el inter\u00e9s leg\u00edtimo de la empresa. En ese caso, la empresa dejar\u00e1 de tratar los datos personales, salvo que acreditemos motivos leg\u00edtimos imperiosos para el tratamiento que prevalezcan sobre tus intereses, derechos y libertades, o para la formulaci\u00f3n, el ejercicio o la defensa de reclamaciones.<\/p>\n<p>&#8211; Derecho de supresi\u00f3n: Tienes derecho a obtener por parte de la empresa, la supresi\u00f3n de los datos personales que te conciernan.<\/p>\n<p>&#8211; Derecho a la portabilidad de los datos: Tienes derecho a que la empresa transfiera tus datos personales a otro responsable del tratamiento. Solo es posible ejercer este derecho cuando el tratamiento est\u00e9 basado en la ejecuci\u00f3n de un contrato o en tu consentimiento y el tratamiento se realice por medios automatizados.<\/p>\n<p>&#8211; Derecho a la limitaci\u00f3n del tratamiento: Tienes derecho a solicitarnos que suspendamos el tratamiento de tus datos cuando: impugnes la exactitud de los datos, mientras la empresa verifica dicha exactitud; hayas ejercido el derecho de oposici\u00f3n al tratamiento de tus datos, mientras que se verifica si los motivos leg\u00edtimos de la empresa prevalecen sobre los tuyos como interesado.<\/p>\n<p>&#8211; Derecho a no ser objeto de decisiones individuales automatizadas, incluida la elaboraci\u00f3n de perfiles: Tienes derecho a no ser objeto de una decisi\u00f3n basada \u00fanicamente en el tratamiento automatizado, incluida la elaboraci\u00f3n de perfiles, que produzca efectos jur\u00eddicos o te afecte significativamente de modo similar.<\/p>\n<p>En cualquier momento, podr\u00e1s ejercitar estos Derechos, mediante un escrito y acreditando Tu personalidad dirigido al responsable del tratamiento, a la direcci\u00f3n que aparece m\u00e1s arriba.<\/p>\n<p>Adem\u00e1s, podr\u00e1s presentar una reclamaci\u00f3n ante la autoridad de control, en este caso, la Agencia Espa\u00f1ola de Protecci\u00f3n de Datos, si consideras que el tratamiento de datos personales infringe la legislaci\u00f3n aplicable.<\/p>\n","protected":false},"excerpt":{"rendered":"<p>\u00bfQU\u00c9 ES UNA COOKIE? Este sitio web utiliza cookies y\/o tecnolog\u00edas similares que almacenan y recuperan informaci\u00f3n cuando navegas. En general, estas tecnolog\u00edas pueden servir para finalidades muy diversas, como, por ejemplo, reconocerte como usuario, obtener informaci\u00f3n sobre tus h\u00e1bitos&#8230;<\/p>\n","protected":false},"author":2,"featured_media":0,"parent":0,"menu_order":0,"comment_status":"closed","ping_status":"closed","template":"","meta":{"footnotes":""},"yoast_head":"<!-- This site is optimized with the Yoast SEO plugin v20.13 - https:\/\/yoast.com\/wordpress\/plugins\/seo\/ -->\n<title>Cookie Policy - BFM Aedificatoria<\/title>\n<meta name=\"robots\" content=\"index, follow, max-snippet:-1, max-image-preview:large, max-video-preview:-1\" \/>\n<link rel=\"canonical\" href=\"https:\/\/www.bfmedificatoria.com\/en\/cookie-policy\/\" \/>\n<meta property=\"og:locale\" content=\"en_US\" \/>\n<meta property=\"og:type\" content=\"article\" \/>\n<meta property=\"og:title\" content=\"Cookie Policy - BFM Aedificatoria\" \/>\n<meta property=\"og:description\" content=\"\u00bfQU\u00c9 ES UNA COOKIE? Este sitio web utiliza cookies y\/o tecnolog\u00edas similares que almacenan y recuperan informaci\u00f3n cuando navegas. En general, estas tecnolog\u00edas pueden servir para finalidades muy diversas, como, por ejemplo, reconocerte como usuario, obtener informaci\u00f3n sobre tus h\u00e1bitos...\" \/>\n<meta property=\"og:url\" content=\"https:\/\/www.bfmedificatoria.com\/en\/cookie-policy\/\" \/>\n<meta property=\"og:site_name\" content=\"BFM Aedificatoria\" \/>\n<meta property=\"article:modified_time\" content=\"2025-06-27T12:37:11+00:00\" \/>\n<meta name=\"twitter:card\" content=\"summary_large_image\" \/>\n<meta name=\"twitter:label1\" content=\"Est. reading time\" \/>\n\t<meta name=\"twitter:data1\" content=\"7 minutes\" \/>\n<script type=\"application\/ld+json\" class=\"yoast-schema-graph\">{\"@context\":\"https:\/\/schema.org\",\"@graph\":[{\"@type\":\"WebPage\",\"@id\":\"https:\/\/www.bfmedificatoria.com\/en\/cookie-policy\/\",\"url\":\"https:\/\/www.bfmedificatoria.com\/en\/cookie-policy\/\",\"name\":\"Cookie Policy - BFM Aedificatoria\",\"isPartOf\":{\"@id\":\"https:\/\/www.bfmedificatoria.com\/#website\"},\"datePublished\":\"2025-06-27T12:35:01+00:00\",\"dateModified\":\"2025-06-27T12:37:11+00:00\",\"breadcrumb\":{\"@id\":\"https:\/\/www.bfmedificatoria.com\/en\/cookie-policy\/#breadcrumb\"},\"inLanguage\":\"en-US\",\"potentialAction\":[{\"@type\":\"ReadAction\",\"target\":[\"https:\/\/www.bfmedificatoria.com\/en\/cookie-policy\/\"]}]},{\"@type\":\"BreadcrumbList\",\"@id\":\"https:\/\/www.bfmedificatoria.com\/en\/cookie-policy\/#breadcrumb\",\"itemListElement\":[{\"@type\":\"ListItem\",\"position\":1,\"name\":\"Portada\",\"item\":\"https:\/\/www.bfmedificatoria.com\/en\/\"},{\"@type\":\"ListItem\",\"position\":2,\"name\":\"Cookie Policy\"}]},{\"@type\":\"WebSite\",\"@id\":\"https:\/\/www.bfmedificatoria.com\/#website\",\"url\":\"https:\/\/www.bfmedificatoria.com\/\",\"name\":\"BFM Aedificatoria\",\"description\":\"Construction company Valencia\",\"publisher\":{\"@id\":\"https:\/\/www.bfmedificatoria.com\/#organization\"},\"potentialAction\":[{\"@type\":\"SearchAction\",\"target\":{\"@type\":\"EntryPoint\",\"urlTemplate\":\"https:\/\/www.bfmedificatoria.com\/?s={search_term_string}\"},\"query-input\":\"required name=search_term_string\"}],\"inLanguage\":\"en-US\"},{\"@type\":\"Organization\",\"@id\":\"https:\/\/www.bfmedificatoria.com\/#organization\",\"name\":\"BFM Edificatoria\",\"url\":\"https:\/\/www.bfmedificatoria.com\/\",\"logo\":{\"@type\":\"ImageObject\",\"inLanguage\":\"en-US\",\"@id\":\"https:\/\/www.bfmedificatoria.com\/#\/schema\/logo\/image\/\",\"url\":\"https:\/\/www.bfmedificatoria.com\/wp-content\/uploads\/2022\/02\/logo-black.svg\",\"contentUrl\":\"https:\/\/www.bfmedificatoria.com\/wp-content\/uploads\/2022\/02\/logo-black.svg\",\"width\":1,\"height\":1,\"caption\":\"BFM Edificatoria\"},\"image\":{\"@id\":\"https:\/\/www.bfmedificatoria.com\/#\/schema\/logo\/image\/\"}}]}<\/script>\n<!-- \/ Yoast SEO plugin. -->","yoast_head_json":{"title":"Cookie Policy - BFM Aedificatoria","robots":{"index":"index","follow":"follow","max-snippet":"max-snippet:-1","max-image-preview":"max-image-preview:large","max-video-preview":"max-video-preview:-1"},"canonical":"https:\/\/www.bfmedificatoria.com\/en\/cookie-policy\/","og_locale":"en_US","og_type":"article","og_title":"Cookie Policy - BFM Aedificatoria","og_description":"\u00bfQU\u00c9 ES UNA COOKIE? Este sitio web utiliza cookies y\/o tecnolog\u00edas similares que almacenan y recuperan informaci\u00f3n cuando navegas. En general, estas tecnolog\u00edas pueden servir para finalidades muy diversas, como, por ejemplo, reconocerte como usuario, obtener informaci\u00f3n sobre tus h\u00e1bitos...","og_url":"https:\/\/www.bfmedificatoria.com\/en\/cookie-policy\/","og_site_name":"BFM Aedificatoria","article_modified_time":"2025-06-27T12:37:11+00:00","twitter_card":"summary_large_image","twitter_misc":{"Est. reading time":"7 minutes"},"schema":{"@context":"https:\/\/schema.org","@graph":[{"@type":"WebPage","@id":"https:\/\/www.bfmedificatoria.com\/en\/cookie-policy\/","url":"https:\/\/www.bfmedificatoria.com\/en\/cookie-policy\/","name":"Cookie Policy - BFM Aedificatoria","isPartOf":{"@id":"https:\/\/www.bfmedificatoria.com\/#website"},"datePublished":"2025-06-27T12:35:01+00:00","dateModified":"2025-06-27T12:37:11+00:00","breadcrumb":{"@id":"https:\/\/www.bfmedificatoria.com\/en\/cookie-policy\/#breadcrumb"},"inLanguage":"en-US","potentialAction":[{"@type":"ReadAction","target":["https:\/\/www.bfmedificatoria.com\/en\/cookie-policy\/"]}]},{"@type":"BreadcrumbList","@id":"https:\/\/www.bfmedificatoria.com\/en\/cookie-policy\/#breadcrumb","itemListElement":[{"@type":"ListItem","position":1,"name":"Portada","item":"https:\/\/www.bfmedificatoria.com\/en\/"},{"@type":"ListItem","position":2,"name":"Cookie Policy"}]},{"@type":"WebSite","@id":"https:\/\/www.bfmedificatoria.com\/#website","url":"https:\/\/www.bfmedificatoria.com\/","name":"BFM Aedificatoria","description":"Construction company Valencia","publisher":{"@id":"https:\/\/www.bfmedificatoria.com\/#organization"},"potentialAction":[{"@type":"SearchAction","target":{"@type":"EntryPoint","urlTemplate":"https:\/\/www.bfmedificatoria.com\/?s={search_term_string}"},"query-input":"required name=search_term_string"}],"inLanguage":"en-US"},{"@type":"Organization","@id":"https:\/\/www.bfmedificatoria.com\/#organization","name":"BFM Edificatoria","url":"https:\/\/www.bfmedificatoria.com\/","logo":{"@type":"ImageObject","inLanguage":"en-US","@id":"https:\/\/www.bfmedificatoria.com\/#\/schema\/logo\/image\/","url":"https:\/\/www.bfmedificatoria.com\/wp-content\/uploads\/2022\/02\/logo-black.svg","contentUrl":"https:\/\/www.bfmedificatoria.com\/wp-content\/uploads\/2022\/02\/logo-black.svg","width":1,"height":1,"caption":"BFM Edificatoria"},"image":{"@id":"https:\/\/www.bfmedificatoria.com\/#\/schema\/logo\/image\/"}}]}},"_links":{"self":[{"href":"https:\/\/www.bfmedificatoria.com\/en\/wp-json\/wp\/v2\/pages\/1013"}],"collection":[{"href":"https:\/\/www.bfmedificatoria.com\/en\/wp-json\/wp\/v2\/pages"}],"about":[{"href":"https:\/\/www.bfmedificatoria.com\/en\/wp-json\/wp\/v2\/types\/page"}],"author":[{"embeddable":true,"href":"https:\/\/www.bfmedificatoria.com\/en\/wp-json\/wp\/v2\/users\/2"}],"replies":[{"embeddable":true,"href":"https:\/\/www.bfmedificatoria.com\/en\/wp-json\/wp\/v2\/comments?post=1013"}],"version-history":[{"count":2,"href":"https:\/\/www.bfmedificatoria.com\/en\/wp-json\/wp\/v2\/pages\/1013\/revisions"}],"predecessor-version":[{"id":1016,"href":"https:\/\/www.bfmedificatoria.com\/en\/wp-json\/wp\/v2\/pages\/1013\/revisions\/1016"}],"wp:attachment":[{"href":"https:\/\/www.bfmedificatoria.com\/en\/wp-json\/wp\/v2\/media?parent=1013"}],"curies":[{"name":"wp","href":"https:\/\/api.w.org\/{rel}","templated":true}]}}